{"id":52,"date":"2018-04-02T19:08:27","date_gmt":"2018-04-02T19:08:27","guid":{"rendered":"http:\/\/moelle.biz\/?page_id=52"},"modified":"2018-05-23T21:16:34","modified_gmt":"2018-05-23T21:16:34","slug":"impressum","status":"publish","type":"page","link":"https:\/\/moelle.biz\/?page_id=52","title":{"rendered":"Impressum"},"content":{"rendered":"<div id=\"content\" class=\"site-content\">\n<div class=\"wrap\">\n<div id=\"primary\" class=\"content-area\">\n<article id=\"post-32\" class=\"post-32 page type-page status-publish hentry\">\n<div class=\"entry-content\">\n<div id=\"content\" class=\"site-content\" role=\"main\">\n<article id=\"post-705\" class=\"post-705 page type-page status-publish hentry\">\n<h3>Impressum<\/h3>\n<h4>moelle engineering:<br \/>\nInh. Dipl.-Ing. Univ. Roland M\u00f6lle<\/h4>\n<p>Kalterer Str. 7<br \/>\n86368 Gersthofen<\/p>\n<\/article>\n<article class=\"post-705 page type-page status-publish hentry\">Telefon: 0 82 30 \/ 85 32 10<br \/>\nTelefax: 0 82 30 \/ 85 32 12<br \/>\neMail: <a href=\"mailto:info@moelle.biz\" target=\"_blank\" rel=\"noopener\">info@moelle.biz<\/a><\/article>\n<article><\/article>\n<\/div>\n<article><\/article>\n<div id=\"content\" class=\"site-content\" role=\"main\">\n<article class=\"post-705 page type-page status-publish hentry\">\n<h4><\/h4>\n<h4 class=\"entry-content\"><strong>Haftung f\u00fcr Inhalte<\/strong><\/h4>\n<div class=\"entry-content\">Die Inhalte dieser Webseite wurden sorgf\u00e4ltig und nach aktuellem Kenntnisstand des Autors erstellt. Wir sind f\u00fcr diese nur im Rahmen der allgemeinen Gesetze verantwortlich, insbesondere f\u00fcr eigene Inhalte nach \u00a7 7 TMG, f\u00fcr fremde Inhalte gem. \u00a7\u00a7 8 \u2013 10 TMG. Als Diensteanbieter sind wir f\u00fcr fremde Inhalte fr\u00fchestens ab Kenntniserlangung einer konkreten Rechtsverletzung verantwortlich. Wir behalten uns vor, die informatorischen Inhalte vollst\u00e4ndig oder teilweise zu \u00e4ndern oder l\u00f6schen, soweit vertragliche Verpflichtungen unber\u00fchrt bleiben.<\/div>\n<\/article>\n<\/div>\n<\/div>\n<div class=\"entry-content\">\n<div id=\"content\" class=\"site-content\" role=\"main\">\n<article id=\"post-705\" class=\"post-705 page type-page status-publish hentry\">\n<h4><\/h4>\n<h4 class=\"entry-content\"><strong>Haftung f\u00fcr Links<\/strong><\/h4>\n<div class=\"entry-content\">Inhalte fremder Webseiten, auf die wir direkt oder indirekt verweisen (durch \u201eHyperlinks\u201c oder \u201eDeeplinks\u201c), liegen au\u00dferhalb unseres Verantwortungsbereiches und machen wir uns nicht zu Eigen. Zum Zeitpunkt der Linksetzung waren f\u00fcr uns keine illegalen Inhalte auf den verlinkten Webseiten erkennbar. Da wir auf die aktuelle und zuk\u00fcnftige Gestaltung die Inhalte der verlinkten Webseiten keinerlei Einfluss haben, distanzieren wir uns ausdr\u00fccklich von allen Inhalten verlinkter Webseiten, die nach der Linksetzung ver\u00e4ndert wurden. F\u00fcr alle Inhalte und insbesondere f\u00fcr Sch\u00e4den, die aus der Nutzung der in den verlinkten Webseiten aufrufbaren Informationen entstehen, haftet allein der Anbieter der Seite, auf welche verlinkt wurde. Erhalten wir von illegalen, rechtswidrigen oder fehlerhaften Inhalten auf Webseiten Kenntnis, die wir verlinken, werden wir die Verlinkung aufheben.<\/div>\n<h4><\/h4>\n<h4 class=\"entry-content\"><strong>Urheberrechte<\/strong><\/h4>\n<div class=\"wrap\">Alle auf dieser Webseite dargestellten Inhalte, also insbesondere Texte, Bilder, Fotos, grafische Darstellungen, Musiken, Marken, Warenzeichen, unterliegen den Normen des deutschen Urheberrechts. Die Verwendung, Vervielf\u00e4ltigung usw. unterliegt den Rechten der jeweiligen Urheber bzw. Rechteverwalter. Wenn Sie solche Werke verwenden wollen, werden wir auf Anfrage gerne den Kontakt zum jeweiligen Urheber\/Rechteverwalter herstellen.<\/div>\n<\/article>\n<\/div>\n<\/div>\n<\/article>\n<\/div>\n<\/div>\n<\/div>\n<footer id=\"colophon\" class=\"site-footer\" role=\"contentinfo\"><\/footer>\n","protected":false},"excerpt":{"rendered":"<p>Impressum moelle engineering: Inh. Dipl.-Ing. Univ. Roland M\u00f6lle Kalterer Str. 7 86368 Gersthofen Telefon: 0 82 30 \/ 85 32 10 Telefax: 0 82 30 \/ 85 32 12 eMail: info@moelle.biz Haftung f\u00fcr Inhalte Die Inhalte dieser Webseite wurden sorgf\u00e4ltig und nach aktuellem Kenntnisstand des Autors erstellt. Wir sind f\u00fcr diese nur im Rahmen der&hellip; <br \/> <a class=\"button small blue\" href=\"https:\/\/moelle.biz\/?page_id=52\">Weiterlesen<\/a><\/p>\n","protected":false},"author":1,"featured_media":0,"parent":0,"menu_order":0,"comment_status":"closed","ping_status":"closed","template":"","meta":[],"_links":{"self":[{"href":"https:\/\/moelle.biz\/index.php?rest_route=\/wp\/v2\/pages\/52"}],"collection":[{"href":"https:\/\/moelle.biz\/index.php?rest_route=\/wp\/v2\/pages"}],"about":[{"href":"https:\/\/moelle.biz\/index.php?rest_route=\/wp\/v2\/types\/page"}],"author":[{"embeddable":true,"href":"https:\/\/moelle.biz\/index.php?rest_route=\/wp\/v2\/users\/1"}],"replies":[{"embeddable":true,"href":"https:\/\/moelle.biz\/index.php?rest_route=%2Fwp%2Fv2%2Fcomments&post=52"}],"version-history":[{"count":11,"href":"https:\/\/moelle.biz\/index.php?rest_route=\/wp\/v2\/pages\/52\/revisions"}],"predecessor-version":[{"id":113,"href":"https:\/\/moelle.biz\/index.php?rest_route=\/wp\/v2\/pages\/52\/revisions\/113"}],"wp:attachment":[{"href":"https:\/\/moelle.biz\/index.php?rest_route=%2Fwp%2Fv2%2Fmedia&parent=52"}],"curies":[{"name":"wp","href":"https:\/\/api.w.org\/{rel}","templated":true}]}}