{"id":2,"date":"2016-05-10T03:48:21","date_gmt":"2016-05-10T03:48:21","guid":{"rendered":"http:\/\/moelle.biz\/?page_id=2"},"modified":"2020-04-04T13:09:14","modified_gmt":"2020-04-04T13:09:14","slug":"sample-page","status":"publish","type":"page","link":"https:\/\/moelle.biz\/?page_id=2","title":{"rendered":"\u00dcber uns"},"content":{"rendered":"<div id=\"attachment_63\" style=\"width: 456px\" class=\"wp-caption aligncenter\"><img aria-describedby=\"caption-attachment-63\" decoding=\"async\" loading=\"lazy\" class=\"wp-image-63\" src=\"https:\/\/moelle.biz\/wp-content\/uploads\/2018\/04\/moelle_web_self-300x201.jpg\" alt=\"\" width=\"446\" height=\"299\" srcset=\"https:\/\/moelle.biz\/wp-content\/uploads\/2018\/04\/moelle_web_self-300x201.jpg 300w, https:\/\/moelle.biz\/wp-content\/uploads\/2018\/04\/moelle_web_self-768x514.jpg 768w, https:\/\/moelle.biz\/wp-content\/uploads\/2018\/04\/moelle_web_self.jpg 968w\" sizes=\"(max-width: 446px) 100vw, 446px\" \/><p id=\"caption-attachment-63\" class=\"wp-caption-text\">Firmeninhaber Roland M\u00f6lle<\/p><\/div>\n<p>&#8222;\u00dcber uns&#8220; entspricht an dieser Stelle streng genommen einem Pluralis Majestatis, denn hier kocht der <em>Ma\u00eetre <\/em><span lang=\"fr-Latn\"><i>de Cuisine<\/i><\/span> meist selbst! Das schafft jederzeit klare Zust\u00e4ndigkeiten und es er\u00fcbrigt sich die Suche nach Verantwortlichkeiten! Privat begn\u00fcge ich mich hingegen schon mal mit der Rolle des <em>Souschefs<\/em> und lasse Frau und Kinder den Takt vorgeben.<\/p>\n<p>Die Anf\u00e4nge des derzeitigen Unternehmens reichen \u00fcber die fr\u00fchen 90er Jahre hinaus und wurden gepr\u00e4gt durch die T\u00e4tigkeit in der kleinen elterlichen Kfz-Werkstatt und dort einem ersten Computer der Marke IBM: Ein PS\/2 mit sagenhaften 1 MB RAM und einem Intel 8086 Prozessor. Obwohl der damalige Kaufpreises dem Gegenwert eines Mittelklassewagens entsprach, segnete der PC bereits wenige Tage nach Ablauf der Garantiezeit das Zeitliche. Entgegen der Empfehlung der damals verf\u00fcgbaren &#8222;IT-Professionals&#8220; wollte ich das Ger\u00e4t jedoch nicht ohne weiteres aufgeben und einfach so entsorgen, sondern legte letztlich selbst Hand an: Meine erster Service-Eingriff an einem &#8222;Ding&#8220;, welches kein Fahrzeug war verlief erfolgreich und bescherte sowohl dem Ger\u00e4t noch ein langes Leben, als auch mir die Erkenntnis, dass auch IT-Experten nur mit Wasser kochen.<\/p>\n<p>Da ich zur damaligen Zeit fundierte Erfahrung als Pizzafahrer im Rahmen studienfinanzierender Ma\u00dfnahmen sammelte, begl\u00fcckte ich meinen Arbeitgeber alsbald mit einem (dem) gebrauchten PC der Marke IBM. Die Erkenntnis, dass Hardware nach passender Software verlangt lie\u00df nicht lange auf sich warten und ich hatte neben meiner Beratert\u00e4tigkeit auch einen ersten Auftrag zur Entwicklung einer Software zur Auftragsabwicklung in der Tasche, welche sich auch heute (Stand 2018) noch im t\u00e4glichen Einsatz befindet &#8211; wenngleich mittlerweile in virtualisierter Umgebung.<\/p>\n<p>Die gesammelte Erfahrung konnte ich im Rahmen meines Maschinenbau-Studiums an der TU M\u00fcnchen weiter ausbauen, wodurch ich dort nach Abschluss des Studiums auch&nbsp; einige Jahre als wissenschaftlicher Mitarbeiter am Lehrstuhl f\u00fcr Landmaschinen von Prof. Renius (sp\u00e4ter Lehrstuhl f\u00fcr Fahrzeugtechnik) an meinem Promotionsthema &#8222;Energieoptimale Hydraulikversorgung f\u00fcr Pkw-Automatikgetriebe&#8220; arbeiten durfte und Schwerpunktm\u00e4\u00dfig \u00dcbung und Vorlesung &#8222;\u00d6lhydraulische Antriebe und Steuerungen&#8220; betreute.<\/p>\n<p>\u00dcber die Jahre konnte ich die unternehmerische T\u00e4tigkeit auch neben einer abh\u00e4ngigen Besch\u00e4ftigung (Bosch-Rexroth AG) stets aufrecht erhalten, wenngleich Kunden, Inhalte, Intensit\u00e4t und Portfolio immer wieder einem Wandel und der Fortentwicklung in einem spannenden technologischen Zeitalter unterworfen waren.<\/p>\n\n\n<p> <strong>UPDATE zum 01. April 2020: M\u00e4dels@Home (wir wissen warum) und sie starten einen erfolgreichen Versuch Papas Webseite <\/strong> <strong>heimlich <\/strong> <strong>&#8222;besser&#8220; zu machen. Respekt M\u00e4dels f\u00fcr den gelungenen Aprilscherz! Und das kam dabei raus:<\/strong><\/p>\n\n\n\n<p>Hey Leude,<\/p>\n\n\n\n<p>&nbsp;ich wollte mich mal vorstellen. Hinter dieser\nau\u00dfergew\u00f6hnlich hochgestochenen Website steckt nat\u00fcrlich mehr Int\u00e4\u00e4\u00e4ligenz als\nsie zu w\u00fcnschen wagen. Ob hei\u00dfe Frauen im Bikini, den n\u00e4chsten Mallorca Urlaub\noder ganz einfache Klemtnerarbeiten, hier werden ihre W\u00fcnsche wahr. Erste\nErfahrungen in meinen T\u00e4tigkeiten habe ich schon sehr fr\u00fch gemacht. Zum\nBeispiel als Pizzafahrer bleibt einem nichts erspart, wenn sie wissen was ich\nmeine. Die ganzen Fehlstunden in meinem Studium kann man sich nur so erkl\u00e4ren,\ndass ich das alles nat\u00fcrlich schon l\u00e4ngst drauf hatte. Weitere Erfahrungen als\nSch\u00fclersprecher sind als Oberstreber nicht zu verschweigen. Nach den wilden\nalten Zeiten musste ich mir etwas Vernunft angew\u00f6hnen. Meine geliebte Gattin\nlernte ich schon in meiner Schulzeit kennen. In meinem Lebensmittelpunkt steht\nau\u00dferfrage meine Frau und meine wundervollen Kinder. Was nat\u00fcrlich hei\u00dft, dass\nihre Probleme bei mir nur an 2. Stelle stehen. Vielen Dank f\u00fcr ihr Verst\u00e4ndnis.\nRock\u00b4n Roll ihr Affen, euer Kumpel Roli<\/p>\n","protected":false},"excerpt":{"rendered":"<p>&#8222;\u00dcber uns&#8220; entspricht an dieser Stelle streng genommen einem Pluralis Majestatis, denn hier kocht der Ma\u00eetre de Cuisine meist selbst! Das schafft jederzeit klare Zust\u00e4ndigkeiten und es er\u00fcbrigt sich die Suche nach Verantwortlichkeiten! Privat begn\u00fcge ich mich hingegen schon mal mit der Rolle des Souschefs und lasse Frau und Kinder den Takt vorgeben. Die Anf\u00e4nge&hellip; <br \/> <a class=\"button small blue\" href=\"https:\/\/moelle.biz\/?page_id=2\">Weiterlesen<\/a><\/p>\n","protected":false},"author":1,"featured_media":0,"parent":0,"menu_order":0,"comment_status":"closed","ping_status":"closed","template":"","meta":[],"_links":{"self":[{"href":"https:\/\/moelle.biz\/index.php?rest_route=\/wp\/v2\/pages\/2"}],"collection":[{"href":"https:\/\/moelle.biz\/index.php?rest_route=\/wp\/v2\/pages"}],"about":[{"href":"https:\/\/moelle.biz\/index.php?rest_route=\/wp\/v2\/types\/page"}],"author":[{"embeddable":true,"href":"https:\/\/moelle.biz\/index.php?rest_route=\/wp\/v2\/users\/1"}],"replies":[{"embeddable":true,"href":"https:\/\/moelle.biz\/index.php?rest_route=%2Fwp%2Fv2%2Fcomments&post=2"}],"version-history":[{"count":11,"href":"https:\/\/moelle.biz\/index.php?rest_route=\/wp\/v2\/pages\/2\/revisions"}],"predecessor-version":[{"id":121,"href":"https:\/\/moelle.biz\/index.php?rest_route=\/wp\/v2\/pages\/2\/revisions\/121"}],"wp:attachment":[{"href":"https:\/\/moelle.biz\/index.php?rest_route=%2Fwp%2Fv2%2Fmedia&parent=2"}],"curies":[{"name":"wp","href":"https:\/\/api.w.org\/{rel}","templated":true}]}}